{"id":1447,"date":"2022-10-06T23:09:18","date_gmt":"2022-10-06T23:09:18","guid":{"rendered":"http:\/\/localhost\/3r.tn\/?page_id=1447"},"modified":"2022-12-23T21:10:08","modified_gmt":"2022-12-23T21:10:08","slug":"volontaires","status":"publish","type":"page","link":"https:\/\/3r.tn\/fr\/volontaires\/","title":{"rendered":"volontaires"},"content":{"rendered":"<div data-elementor-type=\"wp-page\" data-elementor-id=\"1447\" class=\"elementor elementor-1447\">\n\t\t\t\t\t\t<section class=\"elementor-section elementor-top-section elementor-element elementor-element-5039f25 elementor-section-boxed elementor-section-height-default elementor-section-height-default row-top\" data-id=\"5039f25\" data-element_type=\"section\">\n\t\t\t\t\t\t<div class=\"elementor-container elementor-column-gap-default\">\n\t\t\t\t\t<div class=\"elementor-column elementor-col-100 elementor-top-column elementor-element elementor-element-38822e8 column-style-top\" data-id=\"38822e8\" data-element_type=\"column\">\n\t\t\t<div class=\"elementor-widget-wrap elementor-element-populated\">\n\t\t\t\t\t\t<div class=\"elementor-element elementor-element-917ff13 elementor-widget elementor-widget-heading\" data-id=\"917ff13\" data-element_type=\"widget\" data-widget_type=\"heading.default\">\n\t\t\t\t<div class=\"elementor-widget-container\">\n\t\t\t<style>\/*! elementor - v3.21.0 - 26-05-2024 *\/\n.elementor-heading-title{padding:0;margin:0;line-height:1}.elementor-widget-heading .elementor-heading-title[class*=elementor-size-]>a{color:inherit;font-size:inherit;line-height:inherit}.elementor-widget-heading .elementor-heading-title.elementor-size-small{font-size:15px}.elementor-widget-heading .elementor-heading-title.elementor-size-medium{font-size:19px}.elementor-widget-heading .elementor-heading-title.elementor-size-large{font-size:29px}.elementor-widget-heading .elementor-heading-title.elementor-size-xl{font-size:39px}.elementor-widget-heading .elementor-heading-title.elementor-size-xxl{font-size:59px}<\/style><h1 class=\"elementor-heading-title elementor-size-default\">Espaces b\u00e9n\u00e9voles\n<\/h1>\t\t<\/div>\n\t\t\t\t<\/div>\n\t\t\t\t<div class=\"elementor-element elementor-element-752d6a9 elementor-widget elementor-widget-text-editor\" data-id=\"752d6a9\" data-element_type=\"widget\" data-widget_type=\"text-editor.default\">\n\t\t\t\t<div class=\"elementor-widget-container\">\n\t\t\t<style>\/*! elementor - v3.21.0 - 26-05-2024 *\/\n.elementor-widget-text-editor.elementor-drop-cap-view-stacked .elementor-drop-cap{background-color:#69727d;color:#fff}.elementor-widget-text-editor.elementor-drop-cap-view-framed .elementor-drop-cap{color:#69727d;border:3px solid;background-color:transparent}.elementor-widget-text-editor:not(.elementor-drop-cap-view-default) .elementor-drop-cap{margin-top:8px}.elementor-widget-text-editor:not(.elementor-drop-cap-view-default) .elementor-drop-cap-letter{width:1em;height:1em}.elementor-widget-text-editor .elementor-drop-cap{float:right;text-align:center;line-height:1;font-size:50px}.elementor-widget-text-editor .elementor-drop-cap-letter{display:inline-block}<\/style>\t\t\t\t<div class=\"elementor-element elementor-element-75216e7 elementor-widget elementor-widget-gva-heading-block\" data-id=\"75216e7\" data-element_type=\"widget\" data-widget_type=\"gva-heading-block.default\"><div class=\"elementor-widget-container\"><div class=\"gva-element-gva-heading-block gva-element\"><div class=\"align-center style-1 widget gsc-heading box-align-center auto-responsive\"><div class=\"content-inner\"><div class=\"title-desc\">Afin de pouvoir suivre l'acc\u00e9l\u00e9ration du rythme de travail, nous avons besoin d'un accompagnement de l'\u00e9quipe de b\u00e9n\u00e9voles au si\u00e8ge central ou \u00e0 distance.Le travail peut se faire dans le cadre d'un volontariat ou dans le cadre d'un contrat de formation de 3 \u00e0 6 mois.<\/div><\/div><\/div><\/div><\/div><\/div>\t\t\t\t\t\t<\/div>\n\t\t\t\t<\/div>\n\t\t\t\t\t<\/div>\n\t\t<\/div>\n\t\t\t\t\t<\/div>\n\t\t<\/section>\n\t\t\t\t<section class=\"elementor-section elementor-top-section elementor-element elementor-element-00d424a elementor-section-full_width elementor-section-height-min-height elementor-section-stretched elementor-section-content-top elementor-section-height-default elementor-section-items-middle row-top\" data-id=\"00d424a\" data-element_type=\"section\" data-settings=\"{&quot;background_background&quot;:&quot;classic&quot;,&quot;stretch_section&quot;:&quot;section-stretched&quot;}\">\n\t\t\t\t\t\t<div class=\"elementor-container elementor-column-gap-no\">\n\t\t\t\t\t<div class=\"elementor-column elementor-col-100 elementor-top-column elementor-element elementor-element-c07c498 column-style-top\" data-id=\"c07c498\" data-element_type=\"column\">\n\t\t\t<div class=\"elementor-widget-wrap elementor-element-populated\">\n\t\t\t\t\t\t<div class=\"elementor-element elementor-element-5a5d328 elementor-widget elementor-widget-shortcode\" data-id=\"5a5d328\" data-element_type=\"widget\" data-widget_type=\"shortcode.default\">\n\t\t\t\t<div class=\"elementor-widget-container\">\n\t\t\t\t\t<div class=\"elementor-shortcode\">\n<div class=\"wpcf7 no-js\" id=\"wpcf7-f1467-o1\" lang=\"en-US\" dir=\"ltr\">\n<div class=\"screen-reader-response\"><p role=\"status\" aria-live=\"polite\" aria-atomic=\"true\"><\/p> <ul><\/ul><\/div>\n<form action=\"\/fr\/wp-json\/wp\/v2\/pages\/1447#wpcf7-f1467-o1\" method=\"post\" class=\"wpcf7-form init\" aria-label=\"Contact form\" novalidate=\"novalidate\" data-status=\"init\" data-trp-original-action=\"\/fr\/wp-json\/wp\/v2\/pages\/1447#wpcf7-f1467-o1\">\n<div style=\"display: none;\">\n<input type=\"hidden\" name=\"_wpcf7\" value=\"1467\" \/>\n<input type=\"hidden\" name=\"_wpcf7_version\" value=\"5.9.6\" \/>\n<input type=\"hidden\" name=\"_wpcf7_locale\" value=\"en_US\" \/>\n<input type=\"hidden\" name=\"_wpcf7_unit_tag\" value=\"wpcf7-f1467-o1\" \/>\n<input type=\"hidden\" name=\"_wpcf7_container_post\" value=\"0\" \/>\n<input type=\"hidden\" name=\"_wpcf7_posted_data_hash\" value=\"\" \/>\n<input type=\"hidden\" name=\"_extcf7_conditional_options\" value=\"{&quot;form_id&quot;:1467,&quot;conditions&quot;:[]}\" \/>\n<input type=\"hidden\" name=\"_extcf7_redirect_options\" value=\"{&quot;form_id&quot;:1467,&quot;redirect_options&quot;:{&quot;redirection_enable&quot;:&quot;off&quot;,&quot;custom_url_enable&quot;:&quot;off&quot;,&quot;redirect_page&quot;:&quot;&quot;,&quot;custom_urle&quot;:&quot;&quot;,&quot;redirect_new_tab&quot;:&quot;off&quot;,&quot;js_action&quot;:&quot;off&quot;,&quot;javascript_code&quot;:&quot;&quot;}}\" \/>\n<input type=\"hidden\" name=\"_wpcf7_recaptcha_response\" value=\"\" \/>\n<\/div>\n<div class=\"row\">\n\t<div class=\"col-md-6\">\n\t\t<p><span class=\"wpcf7-form-control-wrap\" data-name=\"your-name\"><input size=\"40\" maxlength=\"80\" class=\"wpcf7-form-control wpcf7-text wpcf7-validates-as-required\" aria-required=\"true\" aria-invalid=\"false\" placeholder=\"Nom et Pr\u00e9nom\" value=\"\" type=\"text\" name=\"your-name\" \/><\/span>\n\t\t<\/p>\n\t<\/div>\n\t<div class=\"col-md-6\">\n\t\t<p><span class=\"wpcf7-form-control-wrap\" data-name=\"your-email\"><input size=\"40\" maxlength=\"80\" class=\"wpcf7-form-control wpcf7-email wpcf7-validates-as-required wpcf7-text wpcf7-validates-as-email\" aria-required=\"true\" aria-invalid=\"false\" placeholder=\"Email\" value=\"\" type=\"email\" name=\"your-email\" \/><\/span>\n\t\t<\/p>\n\t<\/div>\n<\/div>\n<div class=\"row\">\n\t<div class=\"col-md-6\">\n\t\t<p><span class=\"wpcf7-form-control-wrap\" data-name=\"your-phone\"><input size=\"40\" maxlength=\"80\" class=\"wpcf7-form-control wpcf7-text\" aria-invalid=\"false\" placeholder=\"Num\u00e9ro de t\u00e9l\u00e9phone\" value=\"\" type=\"text\" name=\"your-phone\" \/><\/span>\n\t\t<\/p>\n\t<\/div>\n\t<div class=\"col-md-6\">\n\t\t<p><span class=\"wpcf7-form-control-wrap\" data-name=\"your-address\"><input size=\"40\" maxlength=\"80\" class=\"wpcf7-form-control wpcf7-text\" aria-invalid=\"false\" placeholder=\"l&#039;adresse\" value=\"\" type=\"text\" name=\"your-address\" \/><\/span>\n\t\t<\/p>\n\t<\/div>\n<\/div>\n<div class=\"row\">\n\t<div class=\"col-md-12\">\n\t\t<p><span class=\"wpcf7-form-control-wrap\" data-name=\"your-reason\"><select class=\"wpcf7-form-control wpcf7-select\" aria-invalid=\"false\" name=\"your-reason\"><option value=\"\u062a\u0637\u0648\u0651\u0639\">Volontariat<\/option><option value=\"\u062a\u0631\u0628\u0651\u0635\">Stage<\/option><\/select><\/span>\n\t\t<\/p>\n\t<\/div>\n<\/div>\n<div class=\"row\">\n\t<div class=\"col-md-12\">\n\t\t<p><span class=\"wpcf7-form-control-wrap\" data-name=\"your-domaine\"><select class=\"wpcf7-form-control wpcf7-select\" aria-invalid=\"false\" name=\"your-domaine\"><option value=\"Marketing Digitale - \u0627\u0644\u062a\u0633\u0648\u064a\u0642 \u0627\u0644\u0631\u0642\u0645\u064a\">Marketing Digitale - \u0627\u0644\u062a\u0633\u0648\u064a\u0642 \u0627\u0644\u0631\u0642\u0645\u064a<\/option><option value=\"Community          Manager - \u0645\u062f\u064a\u0631 \u0627\u0644\u0645\u062c\u062a\u0645\u0639\">Community\n          Manager - \u0645\u062f\u064a\u0631 \u0627\u0644\u0645\u062c\u062a\u0645\u0639<\/option><option value=\"Planification - \u062a\u062e\u0637\u064a\u0637\">Planification - \u062a\u062e\u0637\u064a\u0637<\/option><option value=\"T\u00e2ches          Administratives - \u0627\u0644\u0645\u0647\u0627\u0645 \u0627\u0644\u0625\u062f\u0627\u0631\u064a\u0629\">T\u00e2ches\n          Administratives - \u0627\u0644\u0645\u0647\u0627\u0645 \u0627\u0644\u0625\u062f\u0627\u0631\u064a\u0629<\/option><option value=\"Boites \u00e0 Id\u00e9es- \u0628\u062d\u0648\u062b\">Boites \u00e0 Id\u00e9es- \u0628\u062d\u0648\u062b<\/option><option value=\"Design -          \u062a\u0635\u0645\u064a\u0645 \u0631\u0642\u0645\u064a\">Design -\n          \u062a\u0635\u0645\u064a\u0645 \u0631\u0642\u0645\u064a<\/option><option value=\"D\u00e9veloppement Web- \u0628\u0631\u0645\u062c\u0629\">D\u00e9veloppement Web- \u0628\u0631\u0645\u062c\u0629<\/option><option value=\"Promotion R\u00e9gionale - \u0627\u0644\u062a\u0639\u0631\u064a\u0641          \u0628\u0627\u0644\u0645\u0634\u0631\u0648\u0639 \u0641\u064a \u0627\u0644\u062c\u0647\u0627\u062a\">Promotion R\u00e9gionale - \u0627\u0644\u062a\u0639\u0631\u064a\u0641\n          \u0628\u0627\u0644\u0645\u0634\u0631\u0648\u0639 \u0641\u064a \u0627\u0644\u062c\u0647\u0627\u062a<\/option><option value=\"Autre - \u0622\u062e\u0631\">Autre - \u0622\u062e\u0631<\/option><\/select><\/span>\n\t\t<\/p>\n\t<\/div>\n<\/div>\n<div class=\"row\">\n\t<div class=\"col-md-12\">\n\t\t<p><span class=\"wpcf7-form-control-wrap\" data-name=\"your-message\"><textarea cols=\"40\" rows=\"10\" maxlength=\"400\" class=\"wpcf7-form-control wpcf7-textarea size-medium\" aria-invalid=\"false\" placeholder=\"le message\" name=\"your-message\"><\/textarea><\/span>\n\t\t<\/p>\n\t<\/div>\n<\/div>\n<div class=\"row\">\n\t<div class=\"col-md-12\">\n\t\t<p><input class=\"wpcf7-form-control wpcf7-submit has-spinner\" type=\"submit\" value=\"Envoyer\" \/>\n\t\t<\/p>\n\t<\/div>\n<\/div><p style=\"display: none !important;\" class=\"akismet-fields-container\" data-prefix=\"_wpcf7_ak_\"><label>&#916;<textarea name=\"_wpcf7_ak_hp_textarea\" cols=\"45\" rows=\"8\" maxlength=\"100\"><\/textarea><\/label><input type=\"hidden\" id=\"ak_js_1\" name=\"_wpcf7_ak_js\" value=\"82\"\/><script>document.getElementById( \"ak_js_1\" ).setAttribute( \"value\", ( new Date() ).getTime() );<\/script><\/p><div class=\"wpcf7-response-output\" aria-hidden=\"true\"><\/div>\n<input type=\"hidden\" name=\"trp-form-language\" value=\"fr\"\/><\/form>\n<\/div>\n<\/div>\n\t\t\t\t<\/div>\n\t\t\t\t<\/div>\n\t\t\t\t\t<\/div>\n\t\t<\/div>\n\t\t\t\t\t<\/div>\n\t\t<\/section>\n\t\t\t\t<\/div>","protected":false},"excerpt":{"rendered":"<p>\u0645\u062c\u0627\u0644\u0627\u062a \u0627\u0644\u062a\u0637\u0648\u0651\u0639 \u062d\u062a\u0649 \u0646\u0633\u062a\u0637\u064a\u0639 \u0645\u0648\u0627\u0643\u0628\u0629 \u0627\u0644\u0646\u0633\u0642 \u0627\u0644\u0645\u062a\u0632\u0627\u064a\u062f \u0644\u0644\u0639\u0645\u0644\u060c \u0646\u062d\u062a\u0627\u062c \u062f\u0639\u0645\u064b\u0627 \u0644\u0641\u0631\u064a\u0642 \u0627\u0644\u0645\u062a\u0637\u0648\u0651\u0639\u064a\u0646 \u0628\u0627\u0644\u0645\u0642\u0631 \u0627\u0644\u0645\u0631\u0643\u0632\u064a \u0623\u0648 \u0639\u0646 \u0628\u0639\u062f \u064a\u0645\u0643\u0646 \u0623\u0646 \u064a\u0643\u0648\u0646 \u0627\u0644\u0639\u0645\u0644 \u0641\u064a \u0625\u0637\u0627\u0631 \u062a\u0637\u0648\u0651\u0639\u064a \u0623\u0648 \u0641\u064a \u0625\u0637\u0627\u0631 \u0639\u0642\u062f \u062a\u0631\u0628\u0651\u0635 \u0645\u0646 3-6 \u0623\u0634\u0647\u0631<\/p>","protected":false},"author":2,"featured_media":0,"parent":0,"menu_order":0,"comment_status":"closed","ping_status":"closed","template":"","meta":{"footnotes":""},"class_list":["post-1447","page","type-page","status-publish","hentry"],"yoast_head":"<!-- This site is optimized with the Yoast SEO plugin v22.4 - https:\/\/yoast.com\/wordpress\/plugins\/seo\/ -->\n<title>volontaires - 3r.tn<\/title>\n<meta name=\"robots\" content=\"index, follow, max-snippet:-1, max-image-preview:large, max-video-preview:-1\" \/>\n<link rel=\"canonical\" href=\"https:\/\/3r.tn\/fr\/volontaires\/\" \/>\n<meta property=\"og:locale\" content=\"fr_FR\" \/>\n<meta property=\"og:type\" content=\"article\" \/>\n<meta property=\"og:title\" content=\"volontaires - 3r.tn\" \/>\n<meta property=\"og:description\" content=\"\u0645\u062c\u0627\u0644\u0627\u062a \u0627\u0644\u062a\u0637\u0648\u0651\u0639 \u062d\u062a\u0649 \u0646\u0633\u062a\u0637\u064a\u0639 \u0645\u0648\u0627\u0643\u0628\u0629 \u0627\u0644\u0646\u0633\u0642 \u0627\u0644\u0645\u062a\u0632\u0627\u064a\u062f \u0644\u0644\u0639\u0645\u0644\u060c \u0646\u062d\u062a\u0627\u062c \u062f\u0639\u0645\u064b\u0627 \u0644\u0641\u0631\u064a\u0642 \u0627\u0644\u0645\u062a\u0637\u0648\u0651\u0639\u064a\u0646 \u0628\u0627\u0644\u0645\u0642\u0631 \u0627\u0644\u0645\u0631\u0643\u0632\u064a \u0623\u0648 \u0639\u0646 \u0628\u0639\u062f \u064a\u0645\u0643\u0646 \u0623\u0646 \u064a\u0643\u0648\u0646 \u0627\u0644\u0639\u0645\u0644 \u0641\u064a \u0625\u0637\u0627\u0631 \u062a\u0637\u0648\u0651\u0639\u064a \u0623\u0648 \u0641\u064a \u0625\u0637\u0627\u0631 \u0639\u0642\u062f \u062a\u0631\u0628\u0651\u0635 \u0645\u0646 3-6 \u0623\u0634\u0647\u0631\" \/>\n<meta property=\"og:url\" content=\"https:\/\/3r.tn\/fr\/volontaires\/\" \/>\n<meta property=\"og:site_name\" content=\"3r.tn\" \/>\n<meta property=\"article:publisher\" content=\"https:\/\/www.facebook.com\/troisiemerepublique2022\" \/>\n<meta property=\"article:modified_time\" content=\"2022-12-23T21:10:08+00:00\" \/>\n<meta property=\"og:image\" content=\"https:\/\/i0.wp.com\/3r.tn\/wp-content\/uploads\/2022\/10\/\u062c\u064a\u0628-\u0627\u0644\u062a\u0648\u0646\u0633\u064a-\u062e\u0637-\u0627\u062d\u0645\u0631-600x450-1.jpg?fit=600%2C450&ssl=1\" \/>\n\t<meta property=\"og:image:width\" content=\"600\" \/>\n\t<meta property=\"og:image:height\" content=\"450\" \/>\n\t<meta property=\"og:image:type\" content=\"image\/jpeg\" \/>\n<meta name=\"twitter:card\" content=\"summary_large_image\" \/>\n<meta name=\"twitter:site\" content=\"@OlfaHaamdi\" \/>\n<script type=\"application\/ld+json\" class=\"yoast-schema-graph\">{\"@context\":\"https:\/\/schema.org\",\"@graph\":[{\"@type\":\"WebPage\",\"@id\":\"https:\/\/3r.tn\/ar\/volontaires\/\",\"url\":\"https:\/\/3r.tn\/ar\/volontaires\/\",\"name\":\"volontaires - 3r.tn\",\"isPartOf\":{\"@id\":\"https:\/\/3r.tn\/ar\/#website\"},\"datePublished\":\"2022-10-06T23:09:18+00:00\",\"dateModified\":\"2022-12-23T21:10:08+00:00\",\"breadcrumb\":{\"@id\":\"https:\/\/3r.tn\/ar\/volontaires\/#breadcrumb\"},\"inLanguage\":\"fr-FR\",\"potentialAction\":[{\"@type\":\"ReadAction\",\"target\":[\"https:\/\/3r.tn\/ar\/volontaires\/\"]}]},{\"@type\":\"BreadcrumbList\",\"@id\":\"https:\/\/3r.tn\/ar\/volontaires\/#breadcrumb\",\"itemListElement\":[{\"@type\":\"ListItem\",\"position\":1,\"name\":\"Home\",\"item\":\"https:\/\/3r.tn\/\"},{\"@type\":\"ListItem\",\"position\":2,\"name\":\"volontaires\"}]},{\"@type\":\"WebSite\",\"@id\":\"https:\/\/3r.tn\/ar\/#website\",\"url\":\"https:\/\/3r.tn\/ar\/\",\"name\":\"3r.tn\",\"description\":\"\u0627\u0644\u062c\u0645\u0647\u0648\u0631\u064a\u0651\u0629 \u0627\u0644\u062b\u0627\u0644\u062b\u0629  - \u062a\u0648\u0646\u0633\",\"publisher\":{\"@id\":\"https:\/\/3r.tn\/ar\/#organization\"},\"potentialAction\":[{\"@type\":\"SearchAction\",\"target\":{\"@type\":\"EntryPoint\",\"urlTemplate\":\"https:\/\/3r.tn\/ar\/?s={search_term_string}\"},\"query-input\":\"required name=search_term_string\"}],\"inLanguage\":\"fr-FR\"},{\"@type\":\"Organization\",\"@id\":\"https:\/\/3r.tn\/ar\/#organization\",\"name\":\"3r.tn\",\"url\":\"https:\/\/3r.tn\/ar\/\",\"logo\":{\"@type\":\"ImageObject\",\"inLanguage\":\"fr-FR\",\"@id\":\"https:\/\/3r.tn\/ar\/#\/schema\/logo\/image\/\",\"url\":\"https:\/\/i0.wp.com\/3r.tn\/wp-content\/uploads\/2020\/12\/logo.png?fit=120%2C120&ssl=1\",\"contentUrl\":\"https:\/\/i0.wp.com\/3r.tn\/wp-content\/uploads\/2020\/12\/logo.png?fit=120%2C120&ssl=1\",\"width\":120,\"height\":120,\"caption\":\"3r.tn\"},\"image\":{\"@id\":\"https:\/\/3r.tn\/ar\/#\/schema\/logo\/image\/\"},\"sameAs\":[\"https:\/\/www.facebook.com\/troisiemerepublique2022\",\"https:\/\/twitter.com\/OlfaHaamdi\"]}]}<\/script>\n<!-- \/ Yoast SEO plugin. -->","yoast_head_json":{"title":"volontaires - 3r.tn","robots":{"index":"index","follow":"follow","max-snippet":"max-snippet:-1","max-image-preview":"max-image-preview:large","max-video-preview":"max-video-preview:-1"},"canonical":"https:\/\/3r.tn\/fr\/volontaires\/","og_locale":"fr_FR","og_type":"article","og_title":"volontaires - 3r.tn","og_description":"\u0645\u062c\u0627\u0644\u0627\u062a \u0627\u0644\u062a\u0637\u0648\u0651\u0639 \u062d\u062a\u0649 \u0646\u0633\u062a\u0637\u064a\u0639 \u0645\u0648\u0627\u0643\u0628\u0629 \u0627\u0644\u0646\u0633\u0642 \u0627\u0644\u0645\u062a\u0632\u0627\u064a\u062f \u0644\u0644\u0639\u0645\u0644\u060c \u0646\u062d\u062a\u0627\u062c \u062f\u0639\u0645\u064b\u0627 \u0644\u0641\u0631\u064a\u0642 \u0627\u0644\u0645\u062a\u0637\u0648\u0651\u0639\u064a\u0646 \u0628\u0627\u0644\u0645\u0642\u0631 \u0627\u0644\u0645\u0631\u0643\u0632\u064a \u0623\u0648 \u0639\u0646 \u0628\u0639\u062f \u064a\u0645\u0643\u0646 \u0623\u0646 \u064a\u0643\u0648\u0646 \u0627\u0644\u0639\u0645\u0644 \u0641\u064a \u0625\u0637\u0627\u0631 \u062a\u0637\u0648\u0651\u0639\u064a \u0623\u0648 \u0641\u064a \u0625\u0637\u0627\u0631 \u0639\u0642\u062f \u062a\u0631\u0628\u0651\u0635 \u0645\u0646 3-6 \u0623\u0634\u0647\u0631","og_url":"https:\/\/3r.tn\/fr\/volontaires\/","og_site_name":"3r.tn","article_publisher":"https:\/\/www.facebook.com\/troisiemerepublique2022","article_modified_time":"2022-12-23T21:10:08+00:00","og_image":[{"width":600,"height":450,"url":"https:\/\/i0.wp.com\/3r.tn\/wp-content\/uploads\/2022\/10\/\u062c\u064a\u0628-\u0627\u0644\u062a\u0648\u0646\u0633\u064a-\u062e\u0637-\u0627\u062d\u0645\u0631-600x450-1.jpg?fit=600%2C450&ssl=1","type":"image\/jpeg"}],"twitter_card":"summary_large_image","twitter_site":"@OlfaHaamdi","schema":{"@context":"https:\/\/schema.org","@graph":[{"@type":"WebPage","@id":"https:\/\/3r.tn\/ar\/volontaires\/","url":"https:\/\/3r.tn\/ar\/volontaires\/","name":"volontaires - 3r.tn","isPartOf":{"@id":"https:\/\/3r.tn\/ar\/#website"},"datePublished":"2022-10-06T23:09:18+00:00","dateModified":"2022-12-23T21:10:08+00:00","breadcrumb":{"@id":"https:\/\/3r.tn\/ar\/volontaires\/#breadcrumb"},"inLanguage":"fr-FR","potentialAction":[{"@type":"ReadAction","target":["https:\/\/3r.tn\/ar\/volontaires\/"]}]},{"@type":"BreadcrumbList","@id":"https:\/\/3r.tn\/ar\/volontaires\/#breadcrumb","itemListElement":[{"@type":"ListItem","position":1,"name":"Home","item":"https:\/\/3r.tn\/"},{"@type":"ListItem","position":2,"name":"volontaires"}]},{"@type":"WebSite","@id":"https:\/\/3r.tn\/ar\/#website","url":"https:\/\/3r.tn\/ar\/","name":"3r.tn","description":"\u0627\u0644\u062c\u0645\u0647\u0648\u0631\u064a\u0651\u0629 \u0627\u0644\u062b\u0627\u0644\u062b\u0629  - \u062a\u0648\u0646\u0633","publisher":{"@id":"https:\/\/3r.tn\/ar\/#organization"},"potentialAction":[{"@type":"SearchAction","target":{"@type":"EntryPoint","urlTemplate":"https:\/\/3r.tn\/ar\/?s={search_term_string}"},"query-input":"required name=search_term_string"}],"inLanguage":"fr-FR"},{"@type":"Organization","@id":"https:\/\/3r.tn\/ar\/#organization","name":"3r.tn","url":"https:\/\/3r.tn\/ar\/","logo":{"@type":"ImageObject","inLanguage":"fr-FR","@id":"https:\/\/3r.tn\/ar\/#\/schema\/logo\/image\/","url":"https:\/\/i0.wp.com\/3r.tn\/wp-content\/uploads\/2020\/12\/logo.png?fit=120%2C120&ssl=1","contentUrl":"https:\/\/i0.wp.com\/3r.tn\/wp-content\/uploads\/2020\/12\/logo.png?fit=120%2C120&ssl=1","width":120,"height":120,"caption":"3r.tn"},"image":{"@id":"https:\/\/3r.tn\/ar\/#\/schema\/logo\/image\/"},"sameAs":["https:\/\/www.facebook.com\/troisiemerepublique2022","https:\/\/twitter.com\/OlfaHaamdi"]}]}},"jetpack_sharing_enabled":true,"_links":{"self":[{"href":"https:\/\/3r.tn\/fr\/wp-json\/wp\/v2\/pages\/1447","targetHints":{"allow":["GET"]}}],"collection":[{"href":"https:\/\/3r.tn\/fr\/wp-json\/wp\/v2\/pages"}],"about":[{"href":"https:\/\/3r.tn\/fr\/wp-json\/wp\/v2\/types\/page"}],"author":[{"embeddable":true,"href":"https:\/\/3r.tn\/fr\/wp-json\/wp\/v2\/users\/2"}],"replies":[{"embeddable":true,"href":"https:\/\/3r.tn\/fr\/wp-json\/wp\/v2\/comments?post=1447"}],"version-history":[{"count":22,"href":"https:\/\/3r.tn\/fr\/wp-json\/wp\/v2\/pages\/1447\/revisions"}],"predecessor-version":[{"id":2067,"href":"https:\/\/3r.tn\/fr\/wp-json\/wp\/v2\/pages\/1447\/revisions\/2067"}],"wp:attachment":[{"href":"https:\/\/3r.tn\/fr\/wp-json\/wp\/v2\/media?parent=1447"}],"curies":[{"name":"wp","href":"https:\/\/api.w.org\/{rel}","templated":true}]}}